{"id":113,"date":"2025-10-13T00:07:51","date_gmt":"2025-10-12T22:07:51","guid":{"rendered":"https:\/\/itufpga.cluster023.hosting.ovh.net\/?page_id=113"},"modified":"2026-03-24T18:52:28","modified_gmt":"2026-03-24T18:52:28","slug":"safe","status":"publish","type":"page","link":"https:\/\/universaliscommunity.fr\/?page_id=113","title":{"rendered":"SAFE"},"content":{"rendered":"\n<p>SAFE est le nouveau programme propos\u00e9 par Universalis Community pour lutter contre les cyber-violences ! Les objectifs sont :&nbsp;<\/p>\n\n\n\n<div class=\"wp-block-group is-nowrap is-layout-flex wp-container-core-group-is-layout-6c531013 wp-block-group-is-layout-flex\">\n<ul class=\"wp-block-list\">\n<li><strong>Sensibiliser <\/strong>les personnes aux limites de l\u2019utilisation d\u2019internet.<\/li>\n\n\n\n<li><strong>Accompagner <\/strong>les personnes victimes de cyberviolences.<\/li>\n\n\n\n<li><strong>Former <\/strong>le public \u00e0 un meilleur usage du num\u00e9rique.<\/li>\n\n\n\n<li><strong>\u00c9duquer <\/strong>les jeunes du CM1 \u00e0 la 3\u00e8me \u00e0 travers des activit\u00e9s p\u00e9dagogiques et les parents pour qui l&#8217;usage du num\u00e9rique peut \u00eatre complexe.<\/li>\n<\/ul>\n<\/div>\n\n\n\n<div class=\"wp-block-group is-nowrap is-layout-flex wp-container-core-group-is-layout-6c531013 wp-block-group-is-layout-flex\">\n<h2 class=\"wp-block-heading\"><strong>Sensibiliser et informer directement les jeunes<\/strong><\/h2>\n<\/div>\n\n\n\n<div class=\"wp-block-group is-nowrap is-layout-flex wp-container-core-group-is-layout-6c531013 wp-block-group-is-layout-flex\">\n<p>Nous allons \u00e0 la rencontre des jeunes utilisateurs en participant \u00e0 des forums, des foires aux puces et diff\u00e9rents \u00e9v\u00e9nements locaux. Cette pr\u00e9sence de terrain nous permet d\u2019\u00e9changer directement avec eux. Nous mettons \u00e9galement \u00e0 leur disposition des brochures p\u00e9dagogiques traitant de th\u00e9matiques vari\u00e9es telles que les cyberviolences ou encore le revenge porn. L\u2019objectif est de leur donner des rep\u00e8res concrets et accessibles pour mieux comprendre les risques et adopter des comportements responsables.<\/p>\n<\/div>\n\n\n\n<div class=\"wp-block-uagb-image aligncenter uagb-block-6fda990f wp-block-uagb-image--layout-overlay wp-block-uagb-image--effect-static wp-block-uagb-image--align-center\"><figure class=\"wp-block-uagb-image__figure\"><img decoding=\"async\" srcset=\"https:\/\/universaliscommunity.fr\/wp-content\/uploads\/2026\/03\/Capture-decran-2026-03-02-011403uc2.png ,https:\/\/universaliscommunity.fr\/wp-content\/uploads\/2026\/03\/Capture-decran-2026-03-02-011403uc2.png 780w, https:\/\/universaliscommunity.fr\/wp-content\/uploads\/2026\/03\/Capture-decran-2026-03-02-011403uc2.png 360w\" sizes=\"auto, (max-width: 480px) 150px\" src=\"https:\/\/universaliscommunity.fr\/wp-content\/uploads\/2026\/03\/Capture-decran-2026-03-02-011403uc2.png\" alt=\"\" class=\"uag-image-230\" width=\"400\" height=\"400\" title=\"Capture d'\u00e9cran 2026-03-02 011403uc2\" loading=\"lazy\" role=\"img\"\/><div class=\"wp-block-uagb-image--layout-overlay__color-wrapper\"><\/div><div class=\"wp-block-uagb-image--layout-overlay__inner center-center\"><\/div><\/figure><\/div>\n\n\n\n<h2 class=\"wp-block-heading\"><strong><strong>Intervenir dans les \u00e9tablissements scolaires<\/strong><\/strong><\/h2>\n\n\n\n<p>Nous souhaitons \u00e9galement nous inscrire dans des projets p\u00e9dagogiques en proposant aux \u00e9tablissements des activit\u00e9s \u201ccl\u00e9 en main\u201d. Ces interventions sont con\u00e7ues pour s\u2019int\u00e9grer facilement dans le cadre scolaire et permettre aux \u00e9l\u00e8ves de r\u00e9fl\u00e9chir, d\u00e9battre et acqu\u00e9rir des outils pratiques pour un usage plus s\u00fbr et plus responsable du num\u00e9rique.<\/p>\n\n\n\n<h2 class=\"wp-block-heading\"><strong><strong><strong>Accompagner les parents<\/strong><\/strong><\/strong><\/h2>\n\n\n\n<p>Apr\u00e8s avoir travaill\u00e9 aupr\u00e8s des plus jeunes, notre d\u00e9marche s\u2019\u00e9tend naturellement aux parents. Nous pr\u00e9voyons de cr\u00e9er un guide pratique destin\u00e9 \u00e0 les aider \u00e0 accompagner leurs enfants dans leur usage d\u2019Internet. L\u2019objectif est de leur fournir des conseils concrets, des rep\u00e8res \u00e9ducatifs et des cl\u00e9s de dialogue.<\/p>\n\n\n\n<p>Notre ambition n\u2019est pas de supprimer l\u2019utilisation d\u2019Internet, qui occupe aujourd\u2019hui une place essentielle dans nos vies. Au contraire, nous souhaitons promouvoir un usage \u00e9clair\u00e9 et responsable. Une meilleure compr\u00e9hension des enjeux num\u00e9riques permet de pr\u00e9venir certaines situations pouvant avoir de graves cons\u00e9quences, et de faire d\u2019Internet un espace plus s\u00fbr pour tous.<\/p>\n\n\n\n<div class=\"wp-block-uagb-image aligncenter uagb-block-3437f758 wp-block-uagb-image--layout-default wp-block-uagb-image--effect-static wp-block-uagb-image--align-center\"><figure class=\"wp-block-uagb-image__figure\"><img decoding=\"async\" srcset=\"https:\/\/universaliscommunity.fr\/wp-content\/uploads\/2026\/03\/Capture-decran-2026-03-02-011333-uc1-e1772491475293.png ,https:\/\/universaliscommunity.fr\/wp-content\/uploads\/2026\/03\/Capture-decran-2026-03-02-011333-uc1-e1772491475293.png 780w, https:\/\/universaliscommunity.fr\/wp-content\/uploads\/2026\/03\/Capture-decran-2026-03-02-011333-uc1-e1772491475293.png 360w\" sizes=\"auto, (max-width: 480px) 150px\" src=\"https:\/\/universaliscommunity.fr\/wp-content\/uploads\/2026\/03\/Capture-decran-2026-03-02-011333-uc1-e1772491475293.png\" alt=\"\" class=\"uag-image-231\" width=\"400\" height=\"400\" title=\"Capture d'\u00e9cran 2026-03-02 011333-uc1\" loading=\"lazy\" role=\"img\"\/><\/figure><\/div>\n\n\n\n<div class=\"wp-block-group alignfull has-global-padding is-layout-constrained wp-container-core-group-is-layout-08655630 wp-block-group-is-layout-constrained\" style=\"margin-top:0;margin-bottom:0;padding-top:var(--wp--preset--spacing--80);padding-bottom:var(--wp--preset--spacing--80)\">\n<div class=\"wp-block-group alignwide is-layout-flow wp-block-group-is-layout-flow\">\n<p class=\"has-text-align-center is-style-text-display has-xx-large-font-size is-style-text-display--1\" style=\"font-style:normal;font-weight:400\">Si vous \u00eates int\u00e9ress\u00e9s par nos brochures ou par la cr\u00e9ation d\u2019un atelier p\u00e9dagogique, vous pouvez nous contacter<\/p>\n\n\n\n<div style=\"height:var(--wp--preset--spacing--40)\" aria-hidden=\"true\" class=\"wp-block-spacer\"><\/div>\n\n\n\n<ul class=\"wp-block-social-links has-huge-icon-size has-icon-color is-style-logos-only is-content-justification-center is-layout-flex wp-container-core-social-links-is-layout-a89b3969 wp-block-social-links-is-layout-flex\"><li class=\"wp-social-link wp-social-link-mail has-contrast-color wp-block-social-link\"><a rel=\"noopener nofollow\" target=\"_blank\" href=\"mailto:safe&#064;un&#105;&#118;&#101;&#114;&#115;al&#105;s&#099;&#111;&#109;m&#117;&#110;i&#116;&#121;.&#102;r\" class=\"wp-block-social-link-anchor\"><svg width=\"24\" height=\"24\" viewBox=\"0 0 24 24\" version=\"1.1\" xmlns=\"http:\/\/www.w3.org\/2000\/svg\" aria-hidden=\"true\" focusable=\"false\"><path d=\"M19,5H5c-1.1,0-2,.9-2,2v10c0,1.1.9,2,2,2h14c1.1,0,2-.9,2-2V7c0-1.1-.9-2-2-2zm.5,12c0,.3-.2.5-.5.5H5c-.3,0-.5-.2-.5-.5V9.8l7.5,5.6,7.5-5.6V17zm0-9.1L12,13.6,4.5,7.9V7c0-.3.2-.5.5-.5h14c.3,0,.5.2.5.5v.9z\"><\/path><\/svg><span class=\"wp-block-social-link-label screen-reader-text\">Mail<\/span><\/a><\/li>\n\n<li class=\"wp-social-link wp-social-link-instagram has-contrast-color wp-block-social-link\"><a rel=\"noopener nofollow\" target=\"_blank\" href=\"https:\/\/safeuniversaliscommunity\" class=\"wp-block-social-link-anchor\"><svg width=\"24\" height=\"24\" viewBox=\"0 0 24 24\" version=\"1.1\" xmlns=\"http:\/\/www.w3.org\/2000\/svg\" aria-hidden=\"true\" focusable=\"false\"><path d=\"M12,4.622c2.403,0,2.688,0.009,3.637,0.052c0.877,0.04,1.354,0.187,1.671,0.31c0.42,0.163,0.72,0.358,1.035,0.673 c0.315,0.315,0.51,0.615,0.673,1.035c0.123,0.317,0.27,0.794,0.31,1.671c0.043,0.949,0.052,1.234,0.052,3.637 s-0.009,2.688-0.052,3.637c-0.04,0.877-0.187,1.354-0.31,1.671c-0.163,0.42-0.358,0.72-0.673,1.035 c-0.315,0.315-0.615,0.51-1.035,0.673c-0.317,0.123-0.794,0.27-1.671,0.31c-0.949,0.043-1.233,0.052-3.637,0.052 s-2.688-0.009-3.637-0.052c-0.877-0.04-1.354-0.187-1.671-0.31c-0.42-0.163-0.72-0.358-1.035-0.673 c-0.315-0.315-0.51-0.615-0.673-1.035c-0.123-0.317-0.27-0.794-0.31-1.671C4.631,14.688,4.622,14.403,4.622,12 s0.009-2.688,0.052-3.637c0.04-0.877,0.187-1.354,0.31-1.671c0.163-0.42,0.358-0.72,0.673-1.035 c0.315-0.315,0.615-0.51,1.035-0.673c0.317-0.123,0.794-0.27,1.671-0.31C9.312,4.631,9.597,4.622,12,4.622 M12,3 C9.556,3,9.249,3.01,8.289,3.054C7.331,3.098,6.677,3.25,6.105,3.472C5.513,3.702,5.011,4.01,4.511,4.511 c-0.5,0.5-0.808,1.002-1.038,1.594C3.25,6.677,3.098,7.331,3.054,8.289C3.01,9.249,3,9.556,3,12c0,2.444,0.01,2.751,0.054,3.711 c0.044,0.958,0.196,1.612,0.418,2.185c0.23,0.592,0.538,1.094,1.038,1.594c0.5,0.5,1.002,0.808,1.594,1.038 c0.572,0.222,1.227,0.375,2.185,0.418C9.249,20.99,9.556,21,12,21s2.751-0.01,3.711-0.054c0.958-0.044,1.612-0.196,2.185-0.418 c0.592-0.23,1.094-0.538,1.594-1.038c0.5-0.5,0.808-1.002,1.038-1.594c0.222-0.572,0.375-1.227,0.418-2.185 C20.99,14.751,21,14.444,21,12s-0.01-2.751-0.054-3.711c-0.044-0.958-0.196-1.612-0.418-2.185c-0.23-0.592-0.538-1.094-1.038-1.594 c-0.5-0.5-1.002-0.808-1.594-1.038c-0.572-0.222-1.227-0.375-2.185-0.418C14.751,3.01,14.444,3,12,3L12,3z M12,7.378 c-2.552,0-4.622,2.069-4.622,4.622S9.448,16.622,12,16.622s4.622-2.069,4.622-4.622S14.552,7.378,12,7.378z M12,15 c-1.657,0-3-1.343-3-3s1.343-3,3-3s3,1.343,3,3S13.657,15,12,15z M16.804,6.116c-0.596,0-1.08,0.484-1.08,1.08 s0.484,1.08,1.08,1.08c0.596,0,1.08-0.484,1.08-1.08S17.401,6.116,16.804,6.116z\"><\/path><\/svg><span class=\"wp-block-social-link-label screen-reader-text\">Instagram<\/span><\/a><\/li><\/ul>\n<\/div>\n\n\n\n<div class=\"wp-block-uagb-image aligncenter uagb-block-32c962b5 wp-block-uagb-image--layout-default wp-block-uagb-image--effect-static wp-block-uagb-image--align-center\"><figure class=\"wp-block-uagb-image__figure\"><img decoding=\"async\" srcset=\"https:\/\/universaliscommunity.fr\/wp-content\/uploads\/2026\/03\/Capture-decran-2026-03-02-234337-uc3.png ,https:\/\/universaliscommunity.fr\/wp-content\/uploads\/2026\/03\/Capture-decran-2026-03-02-234337-uc3.png 780w, https:\/\/universaliscommunity.fr\/wp-content\/uploads\/2026\/03\/Capture-decran-2026-03-02-234337-uc3.png 360w\" sizes=\"auto, (max-width: 480px) 150px\" src=\"https:\/\/universaliscommunity.fr\/wp-content\/uploads\/2026\/03\/Capture-decran-2026-03-02-234337-uc3.png\" alt=\"\" class=\"uag-image-232\" width=\"400\" height=\"400\" title=\"Capture d'\u00e9cran 2026-03-02 234337-uc3\" loading=\"lazy\" role=\"img\"\/><\/figure><\/div>\n<\/div>\n","protected":false},"excerpt":{"rendered":"<p>SAFE est le nouveau programme propos\u00e9 par Universalis Community pour lutter contre les cyber-violences ! Les objectifs sont :&nbsp; Sensibiliser et informer directement les jeunes Nous allons \u00e0 la rencontre des jeunes utilisateurs en participant \u00e0 des forums, des foires aux puces et diff\u00e9rents \u00e9v\u00e9nements locaux. Cette pr\u00e9sence de terrain nous permet d\u2019\u00e9changer directement avec [&hellip;]<\/p>\n","protected":false},"author":1,"featured_media":0,"parent":0,"menu_order":0,"comment_status":"closed","ping_status":"closed","template":"","meta":{"_uag_custom_page_level_css":"","footnotes":""},"class_list":["post-113","page","type-page","status-publish","hentry"],"featured_image_src":null,"uagb_featured_image_src":{"full":false,"thumbnail":false,"medium":false,"medium_large":false,"large":false,"1536x1536":false,"2048x2048":false},"uagb_author_info":{"display_name":"itufpga733","author_link":"https:\/\/universaliscommunity.fr\/?author=1"},"uagb_comment_info":0,"uagb_excerpt":"SAFE est le nouveau programme propos\u00e9 par Universalis Community pour lutter contre les cyber-violences ! Les objectifs sont :&nbsp; Sensibiliser et informer directement les jeunes Nous allons \u00e0 la rencontre des jeunes utilisateurs en participant \u00e0 des forums, des foires aux puces et diff\u00e9rents \u00e9v\u00e9nements locaux. Cette pr\u00e9sence de terrain nous permet d\u2019\u00e9changer directement avec&hellip;","_links":{"self":[{"href":"https:\/\/universaliscommunity.fr\/index.php?rest_route=\/wp\/v2\/pages\/113","targetHints":{"allow":["GET"]}}],"collection":[{"href":"https:\/\/universaliscommunity.fr\/index.php?rest_route=\/wp\/v2\/pages"}],"about":[{"href":"https:\/\/universaliscommunity.fr\/index.php?rest_route=\/wp\/v2\/types\/page"}],"author":[{"embeddable":true,"href":"https:\/\/universaliscommunity.fr\/index.php?rest_route=\/wp\/v2\/users\/1"}],"replies":[{"embeddable":true,"href":"https:\/\/universaliscommunity.fr\/index.php?rest_route=%2Fwp%2Fv2%2Fcomments&post=113"}],"version-history":[{"count":13,"href":"https:\/\/universaliscommunity.fr\/index.php?rest_route=\/wp\/v2\/pages\/113\/revisions"}],"predecessor-version":[{"id":327,"href":"https:\/\/universaliscommunity.fr\/index.php?rest_route=\/wp\/v2\/pages\/113\/revisions\/327"}],"wp:attachment":[{"href":"https:\/\/universaliscommunity.fr\/index.php?rest_route=%2Fwp%2Fv2%2Fmedia&parent=113"}],"curies":[{"name":"wp","href":"https:\/\/api.w.org\/{rel}","templated":true}]}}