{"id":106,"date":"2025-09-30T21:51:14","date_gmt":"2025-09-30T19:51:14","guid":{"rendered":"https:\/\/itufpga.cluster023.hosting.ovh.net\/?page_id=106"},"modified":"2026-03-24T18:53:47","modified_gmt":"2026-03-24T18:53:47","slug":"evenements","status":"publish","type":"page","link":"https:\/\/universaliscommunity.fr\/?page_id=106","title":{"rendered":"\u00c9v\u00e8nements"},"content":{"rendered":"\n<div class=\"wp-block-group alignfull has-global-padding is-layout-constrained wp-block-group-is-layout-constrained\" style=\"margin-top:0;margin-bottom:0\">\n<div class=\"wp-block-group alignfull is-style-default has-global-padding is-layout-constrained wp-block-group-is-layout-constrained\" style=\"margin-top:0;margin-bottom:0;padding-top:var(--wp--preset--spacing--50);padding-bottom:var(--wp--preset--spacing--50)\">\n<div class=\"wp-block-columns alignwide is-layout-flex wp-container-core-columns-is-layout-7ee84d44 wp-block-columns-is-layout-flex\">\n<div class=\"wp-block-column is-vertically-aligned-center is-layout-flow wp-block-column-is-layout-flow\" style=\"flex-basis:50%\">\n<h2 class=\"wp-block-heading\">Foire aux puces 14 septembre 2025<\/h2>\n\n\n\n<p class=\"has-medium-font-size\">La foire aux puces organis\u00e9e \u00e0 Landivisiau (29) est le premier \u00e9v\u00e9nement physique de l\u2019association. L\u2019objectif \u00e9tait de r\u00e9colter des fonds pour permettre \u00e0 Universalis Community de mettre en place des projets, mais \u00e9galement de pr\u00e9senter notre programme SAFE.<\/p>\n\n\n\n<div class=\"wp-block-buttons is-content-justification-right is-layout-flex wp-container-core-buttons-is-layout-d445cf74 wp-block-buttons-is-layout-flex\">\n<div class=\"wp-block-button\"><a class=\"wp-block-button__link wp-element-button\" href=\"https:\/\/www.letelegramme.fr\/finistere\/landivisiau-29400\/a-landivisiau-avec-leur-foire-aux-puces-ils-veulent-sensibiliser-au-cyberharcelement-6885674.php\">Lien de l&#8217;article<\/a><\/div>\n<\/div>\n<\/div>\n\n\n\n<div class=\"wp-block-column is-vertically-aligned-center is-layout-flow wp-block-column-is-layout-flow\" style=\"flex-basis:50%\">\n<figure class=\"wp-block-image size-full\"><img loading=\"lazy\" decoding=\"async\" width=\"960\" height=\"600\" src=\"https:\/\/universaliscommunity.fr\/wp-content\/uploads\/2026\/03\/68c0132525d0d67bdc0cf2b2-1.webp\" alt=\"\" class=\"wp-image-253\" style=\"aspect-ratio:1;object-fit:cover\" srcset=\"https:\/\/universaliscommunity.fr\/wp-content\/uploads\/2026\/03\/68c0132525d0d67bdc0cf2b2-1.webp 960w, https:\/\/universaliscommunity.fr\/wp-content\/uploads\/2026\/03\/68c0132525d0d67bdc0cf2b2-1-300x188.webp 300w, https:\/\/universaliscommunity.fr\/wp-content\/uploads\/2026\/03\/68c0132525d0d67bdc0cf2b2-1-768x480.webp 768w\" sizes=\"auto, (max-width: 960px) 100vw, 960px\" \/><\/figure>\n<\/div>\n<\/div>\n<\/div>\n<\/div>\n","protected":false},"excerpt":{"rendered":"<p>Foire aux puces 14 septembre 2025 La foire aux puces organis\u00e9e \u00e0 Landivisiau (29) est le premier \u00e9v\u00e9nement physique de l\u2019association. L\u2019objectif \u00e9tait de r\u00e9colter des fonds pour permettre \u00e0 Universalis Community de mettre en place des projets, mais \u00e9galement de pr\u00e9senter notre programme SAFE.<\/p>\n","protected":false},"author":1,"featured_media":0,"parent":0,"menu_order":0,"comment_status":"closed","ping_status":"closed","template":"","meta":{"_uag_custom_page_level_css":"","footnotes":""},"class_list":["post-106","page","type-page","status-publish","hentry"],"featured_image_src":null,"uagb_featured_image_src":{"full":false,"thumbnail":false,"medium":false,"medium_large":false,"large":false,"1536x1536":false,"2048x2048":false},"uagb_author_info":{"display_name":"itufpga733","author_link":"https:\/\/universaliscommunity.fr\/?author=1"},"uagb_comment_info":0,"uagb_excerpt":"Foire aux puces 14 septembre 2025 La foire aux puces organis\u00e9e \u00e0 Landivisiau (29) est le premier \u00e9v\u00e9nement physique de l\u2019association. L\u2019objectif \u00e9tait de r\u00e9colter des fonds pour permettre \u00e0 Universalis Community de mettre en place des projets, mais \u00e9galement de pr\u00e9senter notre programme SAFE.","_links":{"self":[{"href":"https:\/\/universaliscommunity.fr\/index.php?rest_route=\/wp\/v2\/pages\/106","targetHints":{"allow":["GET"]}}],"collection":[{"href":"https:\/\/universaliscommunity.fr\/index.php?rest_route=\/wp\/v2\/pages"}],"about":[{"href":"https:\/\/universaliscommunity.fr\/index.php?rest_route=\/wp\/v2\/types\/page"}],"author":[{"embeddable":true,"href":"https:\/\/universaliscommunity.fr\/index.php?rest_route=\/wp\/v2\/users\/1"}],"replies":[{"embeddable":true,"href":"https:\/\/universaliscommunity.fr\/index.php?rest_route=%2Fwp%2Fv2%2Fcomments&post=106"}],"version-history":[{"count":4,"href":"https:\/\/universaliscommunity.fr\/index.php?rest_route=\/wp\/v2\/pages\/106\/revisions"}],"predecessor-version":[{"id":328,"href":"https:\/\/universaliscommunity.fr\/index.php?rest_route=\/wp\/v2\/pages\/106\/revisions\/328"}],"wp:attachment":[{"href":"https:\/\/universaliscommunity.fr\/index.php?rest_route=%2Fwp%2Fv2%2Fmedia&parent=106"}],"curies":[{"name":"wp","href":"https:\/\/api.w.org\/{rel}","templated":true}]}}