{"id":104,"date":"2025-09-30T21:50:44","date_gmt":"2025-09-30T19:50:44","guid":{"rendered":"https:\/\/itufpga.cluster023.hosting.ovh.net\/?page_id=104"},"modified":"2026-03-02T23:57:06","modified_gmt":"2026-03-02T23:57:06","slug":"presse","status":"publish","type":"page","link":"https:\/\/universaliscommunity.fr\/?page_id=104","title":{"rendered":"L\u2019ensemble des actualit\u00e9 de l\u2019assos"},"content":{"rendered":"\n<div class=\"wp-block-group alignfull has-global-padding is-layout-constrained wp-block-group-is-layout-constrained\" style=\"margin-top:0;margin-bottom:0\">\n<div class=\"wp-block-columns alignfull is-layout-flex wp-container-core-columns-is-layout-9c22b1e3 wp-block-columns-is-layout-flex\">\n<div class=\"wp-block-column is-vertically-aligned-center is-layout-flow wp-block-column-is-layout-flow\" style=\"flex-basis:55%\">\n<div class=\"wp-block-cover aligncenter\" style=\"padding-right:var(--wp--preset--spacing--50);padding-left:var(--wp--preset--spacing--50)\"><img loading=\"lazy\" decoding=\"async\" width=\"240\" height=\"152\" class=\"wp-block-cover__image-background wp-image-266 size-full\" alt=\"\" src=\"https:\/\/universaliscommunity.fr\/wp-content\/uploads\/2026\/03\/Capture-decran-2026-03-03-003336-1.png\" data-object-fit=\"cover\"\/><span aria-hidden=\"true\" class=\"wp-block-cover__background has-accent-6-background-color has-background-dim\"><\/span><div class=\"wp-block-cover__inner-container is-layout-flow wp-block-cover-is-layout-flow\">\n<p class=\"has-text-align-center has-large-font-size\"><\/p>\n<\/div><\/div>\n<\/div>\n\n\n\n<div class=\"wp-block-column is-vertically-aligned-center is-layout-flow wp-block-column-is-layout-flow\" style=\"padding-top:var(--wp--preset--spacing--60);padding-right:var(--wp--preset--spacing--60);padding-bottom:var(--wp--preset--spacing--60);padding-left:var(--wp--preset--spacing--60)\">\n<h2 class=\"wp-block-heading has-xx-large-font-size\"><strong>UNIVERSALIS COMMUNITY, UNE ASSOCIATION PAS COMME LES AUTRES !<\/strong><\/h2>\n\n\n\n<p>L\u2019article met en avant nos <strong>\u00e9v\u00e9nements en ligne<\/strong>, qui r\u00e9unissent cr\u00e9ateurs et donateurs pour soutenir des associations locales, ainsi que notre engagement \u00e9ducatif \u00e0 travers des initiatives comme le <strong>projet SAFE<\/strong>, destin\u00e9 \u00e0 sensibiliser les jeunes aux enjeux du num\u00e9rique et \u00e0 pr\u00e9venir les cyber-violences.<\/p>\n\n\n\n<div class=\"wp-block-buttons is-layout-flex wp-block-buttons-is-layout-flex\">\n<div class=\"wp-block-button\"><a class=\"wp-block-button__link wp-element-button\" href=\"https:\/\/landivisiau.fr\/fr\/as\/1437191\/417237\/universalis-community\" target=\"_blank\" rel=\"noreferrer noopener\">Lien vers l&#8217;article<\/a><\/div>\n<\/div>\n<\/div>\n<\/div>\n<\/div>\n\n\n\n<div class=\"wp-block-group alignfull has-global-padding is-layout-constrained wp-block-group-is-layout-constrained\" style=\"margin-top:0;margin-bottom:0;padding-top:var(--wp--preset--spacing--50);padding-bottom:var(--wp--preset--spacing--50)\">\n<div class=\"wp-block-columns alignwide is-layout-flex wp-container-core-columns-is-layout-fa584acd wp-block-columns-is-layout-flex\">\n<div class=\"wp-block-column is-vertically-aligned-center is-layout-flow wp-block-column-is-layout-flow\">\n<h2 class=\"wp-block-heading has-xx-large-font-size\">Depuis Landivisiau, leur \u00e9v\u00e9nement solidaire sur internet a permis de collecter 8\u00a0151\u00a0\u20ac pour une association<\/h2>\n\n\n\n<p class=\"has-medium-font-size\"><\/p>\n\n\n\n<p class=\"has-medium-font-size\">Le marathon de streaming solidaire Universal\u2019Week a permis de collecter plus de 8 000 \u20ac pour l\u2019association Mille et un sourires. Au total, pr\u00e8s de 498 heures de live ont \u00e9t\u00e9 diffus\u00e9es sur la plate-forme Twitch par des cr\u00e9ateurs de contenus.<\/p>\n\n\n\n<div class=\"wp-block-buttons is-layout-flex wp-block-buttons-is-layout-flex\">\n<div class=\"wp-block-button\"><a class=\"wp-block-button__link wp-element-button\" href=\"https:\/\/www.letelegramme.fr\/finistere\/landivisiau-29400\/depuis-landivisiau-leur-evenement-solidaire-sur-internet-a-permis-de-collecter-8-151-eur-pour-une-association-6816417.php\" target=\"_blank\" rel=\"noreferrer noopener\">Lien vers l&#8217;article<\/a><\/div>\n<\/div>\n<\/div>\n\n\n\n<div class=\"wp-block-column is-vertically-aligned-center is-layout-flow wp-block-column-is-layout-flow\">\n<div class=\"wp-block-cover\"><img decoding=\"async\" class=\"wp-block-cover__image-background\" alt=\"Image of a book\" src=\"https:\/\/media.letelegramme.fr\/api\/v1\/images\/view\/682241360f542355840e1e90\/web_golden_xl\/682241360f542355840e1e90.1\" data-object-fit=\"cover\"\/><span aria-hidden=\"true\" class=\"wp-block-cover__background has-background-dim\"><\/span><div class=\"wp-block-cover__inner-container is-layout-flow wp-block-cover-is-layout-flow\">\n<p class=\"has-text-align-center has-large-font-size\"><\/p>\n<\/div><\/div>\n<\/div>\n<\/div>\n<\/div>\n\n\n\n<div class=\"wp-block-group alignfull has-global-padding is-layout-constrained wp-block-group-is-layout-constrained\" style=\"margin-top:0;margin-bottom:0\">\n<div class=\"wp-block-columns alignfull is-layout-flex wp-container-core-columns-is-layout-9c22b1e3 wp-block-columns-is-layout-flex\">\n<div class=\"wp-block-column is-layout-flow wp-block-column-is-layout-flow\" style=\"flex-basis:55%\">\n<div class=\"wp-block-cover\"><img decoding=\"async\" class=\"wp-block-cover__image-background\" alt=\"\" src=\"https:\/\/media.ouest-france.fr\/v1\/pictures\/MjAyNDA1MWNmYjE0Zjk4OWE2MWQzZjQ5ODFhODk4ODNjYTVhYjU?width=630&amp;height=354&amp;focuspoint=50%2C25&amp;cropresize=1&amp;client_id=bpeditorial&amp;sign=a950579a40de4faf992a8f61f85a3eb8b4d3472234a726b9368e8e67b0160ef3\" data-object-fit=\"cover\"\/><span aria-hidden=\"true\" class=\"wp-block-cover__background has-background-dim\"><\/span><div class=\"wp-block-cover__inner-container is-layout-flow wp-block-cover-is-layout-flow\">\n<p class=\"has-text-align-center has-large-font-size\"><\/p>\n<\/div><\/div>\n<\/div>\n\n\n\n<div class=\"wp-block-column is-vertically-aligned-center is-layout-flow wp-block-column-is-layout-flow\" style=\"padding-top:var(--wp--preset--spacing--60);padding-right:var(--wp--preset--spacing--60);padding-bottom:var(--wp--preset--spacing--60);padding-left:var(--wp--preset--spacing--60)\">\n<h2 class=\"wp-block-heading has-xx-large-font-size\"><strong>Aux manettes de leurs jeux vid\u00e9os, ces Bretons ont r\u00e9colt\u00e9 5\u00a0647\u00a0\u20ac pour les enfants hospitalis\u00e9s<\/strong><\/h2>\n\n\n\n<p>Le vendredi 24 mai 2024, Universalis community, association finist\u00e9rienne rassemblant douze passionn\u00e9s de jeux vid\u00e9o r\u00e9partis entre France et Qu\u00e9bec, a remis un ch\u00e8que de 5 647 \u20ac \u00e0 l\u2019association rennaise Haroz.<\/p>\n\n\n\n<div class=\"wp-block-buttons is-layout-flex wp-block-buttons-is-layout-flex\">\n<div class=\"wp-block-button\"><a class=\"wp-block-button__link wp-element-button\" href=\"https:\/\/www.ouest-france.fr\/bretagne\/landivisiau-29400\/aux-manettes-de-leurs-jeux-videos-ces-bretons-ont-recolte-5-647-euros-pour-les-enfants-hospitalises-9e6ba4f6-1f13-11ef-a85f-954c5336befa\" target=\"_blank\" rel=\"noreferrer noopener\">Lien vers l&#8217;article<\/a><\/div>\n<\/div>\n<\/div>\n<\/div>\n<\/div>\n\n\n\n<div class=\"wp-block-group alignfull has-global-padding is-layout-constrained wp-container-core-group-is-layout-54af5b55 wp-block-group-is-layout-constrained\" style=\"margin-top:0;margin-bottom:0;padding-top:var(--wp--preset--spacing--60);padding-bottom:var(--wp--preset--spacing--60)\">\n<h2 class=\"wp-block-heading alignwide has-text-align-center has-x-large-font-size\">Plein d&#8217;autre articles !<\/h2>\n\n\n\n<div class=\"wp-block-buttons alignwide has-custom-font-size has-medium-font-size is-content-justification-center is-layout-flex wp-container-core-buttons-is-layout-c124d1c4 wp-block-buttons-is-layout-flex\">\n<div class=\"wp-block-button\"><a class=\"wp-block-button__link wp-element-button\" href=\"https:\/\/www.letelegramme.fr\/finistere\/landivisiau-29400\/universalis-community-une-jeune-association-pas-comme-les-autres-a-landivisiau-6589485.php\" target=\"_blank\" rel=\"noreferrer noopener\">Le Telegramme &#8211; Universalis Community, une jeune association pas comme les autres \u00e0 Landivisiau\u00a0!<\/a><\/div>\n\n\n\n<div class=\"wp-block-button\"><a class=\"wp-block-button__link wp-element-button\" href=\"https:\/\/www.letelegramme.fr\/finistere\/landivisiau-29400\/a-landivisiau-avec-leur-foire-aux-puces-ils-veulent-sensibiliser-au-cyberharcelement-6885674.php\" target=\"_blank\" rel=\"noreferrer noopener\">Le Telegramme &#8211; \u00c0 Landivisiau, avec leur foire aux puces, ils veulent sensibiliser au cyberharc\u00e8lement<\/a><\/div>\n<\/div>\n<\/div>\n\n\n","protected":false},"excerpt":{"rendered":"<p>UNIVERSALIS COMMUNITY, UNE ASSOCIATION PAS COMME LES AUTRES ! L\u2019article met en avant nos \u00e9v\u00e9nements en ligne, qui r\u00e9unissent cr\u00e9ateurs et donateurs pour soutenir des associations locales, ainsi que notre engagement \u00e9ducatif \u00e0 travers des initiatives comme le projet SAFE, destin\u00e9 \u00e0 sensibiliser les jeunes aux enjeux du num\u00e9rique et \u00e0 pr\u00e9venir les cyber-violences. Depuis [&hellip;]<\/p>\n","protected":false},"author":1,"featured_media":0,"parent":0,"menu_order":0,"comment_status":"closed","ping_status":"closed","template":"","meta":{"_uag_custom_page_level_css":"","footnotes":""},"class_list":["post-104","page","type-page","status-publish","hentry"],"featured_image_src":null,"uagb_featured_image_src":{"full":false,"thumbnail":false,"medium":false,"medium_large":false,"large":false,"1536x1536":false,"2048x2048":false},"uagb_author_info":{"display_name":"itufpga733","author_link":"https:\/\/universaliscommunity.fr\/?author=1"},"uagb_comment_info":0,"uagb_excerpt":"UNIVERSALIS COMMUNITY, UNE ASSOCIATION PAS COMME LES AUTRES ! L\u2019article met en avant nos \u00e9v\u00e9nements en ligne, qui r\u00e9unissent cr\u00e9ateurs et donateurs pour soutenir des associations locales, ainsi que notre engagement \u00e9ducatif \u00e0 travers des initiatives comme le projet SAFE, destin\u00e9 \u00e0 sensibiliser les jeunes aux enjeux du num\u00e9rique et \u00e0 pr\u00e9venir les cyber-violences. Depuis&hellip;","_links":{"self":[{"href":"https:\/\/universaliscommunity.fr\/index.php?rest_route=\/wp\/v2\/pages\/104","targetHints":{"allow":["GET"]}}],"collection":[{"href":"https:\/\/universaliscommunity.fr\/index.php?rest_route=\/wp\/v2\/pages"}],"about":[{"href":"https:\/\/universaliscommunity.fr\/index.php?rest_route=\/wp\/v2\/types\/page"}],"author":[{"embeddable":true,"href":"https:\/\/universaliscommunity.fr\/index.php?rest_route=\/wp\/v2\/users\/1"}],"replies":[{"embeddable":true,"href":"https:\/\/universaliscommunity.fr\/index.php?rest_route=%2Fwp%2Fv2%2Fcomments&post=104"}],"version-history":[{"count":10,"href":"https:\/\/universaliscommunity.fr\/index.php?rest_route=\/wp\/v2\/pages\/104\/revisions"}],"predecessor-version":[{"id":270,"href":"https:\/\/universaliscommunity.fr\/index.php?rest_route=\/wp\/v2\/pages\/104\/revisions\/270"}],"wp:attachment":[{"href":"https:\/\/universaliscommunity.fr\/index.php?rest_route=%2Fwp%2Fv2%2Fmedia&parent=104"}],"curies":[{"name":"wp","href":"https:\/\/api.w.org\/{rel}","templated":true}]}}